{"id":222,"date":"2020-08-20T10:06:09","date_gmt":"2020-08-20T10:06:09","guid":{"rendered":"http:\/\/lovackirestoran.rs\/?page_id=222"},"modified":"2020-08-24T10:11:04","modified_gmt":"2020-08-24T10:11:04","slug":"usluge","status":"publish","type":"page","link":"https:\/\/lovackirestoran.rs\/?page_id=222","title":{"rendered":"Usluge"},"content":{"rendered":"\n\n  <div class=\"banner has-hover\" id=\"banner-1675878016\">\n          <div class=\"banner-inner fill\">\n        <div class=\"banner-bg fill\" >\n            <div class=\"bg fill bg-fill \"><\/div>\n                        <div class=\"overlay\"><\/div>            \n                    <\/div>\n\t\t\n        <div class=\"banner-layers container\">\n            <div class=\"fill banner-link\"><\/div>            \n\n   <div id=\"text-box-736894283\" class=\"text-box banner-layer x50 md-x50 lg-x50 y50 md-y50 lg-y50 res-text\">\n                                <div class=\"text-box-content text dark\">\n              \n              <div class=\"text-inner text-center\">\n                  \n\n<h3 class=\"uppercase\"><strong>NA\u0160E USLUGE<\/strong><\/h3>\n<p><span style=\"color: #ffffff; background-color: #008000;\">Odabrani sastojci i visok stepen kontrole kvaliteta namirnica \u010dine da se pred vama svakog dana na\u0111u najsve\u017eiji obroci.<\/span><\/p>\n\n              <\/div>\n           <\/div>\n                            \n<style>\n#text-box-736894283 {\n  width: 60%;\n}\n#text-box-736894283 .text-box-content {\n  font-size: 100%;\n}\n<\/style>\n    <\/div>\n \n\n        <\/div>\n      <\/div>\n\n            \n<style>\n#banner-1675878016 {\n  padding-top: 300px;\n}\n#banner-1675878016 .bg.bg-loaded {\n  background-image: url(https:\/\/lovackirestoran.rs\/wp-content\/uploads\/2020\/08\/Lovacki-restoran-Usluge-1400x365.jpg);\n}\n#banner-1675878016 .overlay {\n  background-color: rgba(0, 0, 0, 0.29);\n}\n<\/style>\n  <\/div>\n\n\n<div class=\"row\"  id=\"row-1463582958\">\n\n\n\t<div id=\"col-1032022019\" class=\"col medium-6 small-12 large-6\"  >\n\t\t\t\t<div class=\"col-inner\"  >\n\t\t\t\n\t\t\t\n\n<div class=\"container section-title-container\" ><h3 class=\"section-title section-title-center\"><b><\/b><span class=\"section-title-main\" >Restoran<\/span><b><\/b><\/h3><\/div>\n\n<p>Lova\u010dki restoran u Sremskoj Mitrovici je jedinstveno mesto ako \u017eelite da u\u017eivate u doma\u0107oj hrani i pi\u0107u uz autentu\u010dni ambijent i lokalnu Vojvo\u0111ansku etno muziku.<\/p>\n<p>\u00a0 \u00a0 \u00a0 \u00a0 \u00a0Potvrda na\u0161e usluge je i ta da je Lova\u010dki restoran ve\u0107 afirmisan po ovako koncipiranom na\u010dinu svoje kuhinje i dru\u0161tvenog \u017eivota.<\/p>\n<p>\u00a0 \u00a0 \u00a0 \u00a0 Za organizovane grupe posetilaca u mogu\u0107nosti smo da obezbedimo popust. Restoran sa tradicionalnom Vojvo\u0111anskom kuhinjom (gibanica, carska pita, \u0161trudla sa makom i orasima, bundevara, rinfla\u0161 sa 5 sosova, rolovana teletina, ribi\u0107 na kajmaku, sala\u0161arski sote, punjene tikvice,\u2026)<\/p>\n<p><span style=\"font-size: 14.4px;\">.<\/span><\/p>\n\n\t\t<\/div>\n\t\t\t\t\t<\/div>\n\n\t\n\n\t<div id=\"col-474342837\" class=\"col medium-6 small-12 large-6\"  >\n\t\t\t\t<div class=\"col-inner\"  >\n\t\t\t\n\t\t\t\n\n\t<div id=\"gap-185255580\" class=\"gap-element clearfix\" style=\"display:block; height:auto;\">\n\t\t\n<style>\n#gap-185255580 {\n  padding-top: 19px;\n}\n<\/style>\n\t<\/div>\n\t\n\n<div class=\"slider-wrapper relative\" id=\"slider-2015478093\" >\n    <div class=\"slider slider-nav-circle slider-nav-large slider-nav-light slider-style-focus\"\n        data-flickity-options='{\n            \"cellAlign\": \"center\",\n            \"imagesLoaded\": true,\n            \"lazyLoad\": 1,\n            \"freeScroll\": false,\n            \"wrapAround\": true,\n            \"autoPlay\": 3000,\n            \"pauseAutoPlayOnHover\" : true,\n            \"prevNextButtons\": true,\n            \"contain\" : true,\n            \"adaptiveHeight\" : true,\n            \"dragThreshold\" : 10,\n            \"percentPosition\": true,\n            \"pageDots\": true,\n            \"rightToLeft\": false,\n            \"draggable\": true,\n            \"selectedAttraction\": 0.1,\n            \"parallax\" : 0,\n            \"friction\": 0.6        }'\n        >\n        \n\n\t<div class=\"img has-hover x md-x lg-x y md-y lg-y\" id=\"image_626056753\">\n\t\t\t\t\t\t\t\t<div class=\"img-inner dark\" >\n\t\t\t<img loading=\"lazy\" decoding=\"async\" width=\"1020\" height=\"574\" src=\"https:\/\/lovackirestoran.rs\/wp-content\/uploads\/2020\/08\/Lovacki-restoran-Prolab-1-236.jpg\" class=\"attachment-large size-large\" alt=\"\" srcset=\"https:\/\/lovackirestoran.rs\/wp-content\/uploads\/2020\/08\/Lovacki-restoran-Prolab-1-236.jpg 1279w, https:\/\/lovackirestoran.rs\/wp-content\/uploads\/2020\/08\/Lovacki-restoran-Prolab-1-236-711x400.jpg 711w, https:\/\/lovackirestoran.rs\/wp-content\/uploads\/2020\/08\/Lovacki-restoran-Prolab-1-236-768x432.jpg 768w, https:\/\/lovackirestoran.rs\/wp-content\/uploads\/2020\/08\/Lovacki-restoran-Prolab-1-236-600x338.jpg 600w\" sizes=\"auto, (max-width: 1020px) 100vw, 1020px\" \/>\t\t\t\t\t\t\n\t\t\t\t\t<\/div>\n\t\t\t\t\t\t\t\t\n<style>\n#image_626056753 {\n  width: 100%;\n}\n<\/style>\n\t<\/div>\n\t\n\n\t<div class=\"img has-hover x md-x lg-x y md-y lg-y\" id=\"image_2147181831\">\n\t\t\t\t\t\t\t\t<div class=\"img-inner dark\" >\n\t\t\t<img loading=\"lazy\" decoding=\"async\" width=\"1020\" height=\"574\" src=\"https:\/\/lovackirestoran.rs\/wp-content\/uploads\/2020\/08\/Lovacki-restoran-Prolab-1-249.jpg\" class=\"attachment-large size-large\" alt=\"\" srcset=\"https:\/\/lovackirestoran.rs\/wp-content\/uploads\/2020\/08\/Lovacki-restoran-Prolab-1-249.jpg 1279w, https:\/\/lovackirestoran.rs\/wp-content\/uploads\/2020\/08\/Lovacki-restoran-Prolab-1-249-711x400.jpg 711w, https:\/\/lovackirestoran.rs\/wp-content\/uploads\/2020\/08\/Lovacki-restoran-Prolab-1-249-768x432.jpg 768w, https:\/\/lovackirestoran.rs\/wp-content\/uploads\/2020\/08\/Lovacki-restoran-Prolab-1-249-600x338.jpg 600w\" sizes=\"auto, (max-width: 1020px) 100vw, 1020px\" \/>\t\t\t\t\t\t\n\t\t\t\t\t<\/div>\n\t\t\t\t\t\t\t\t\n<style>\n#image_2147181831 {\n  width: 100%;\n}\n<\/style>\n\t<\/div>\n\t\n\n\t<div class=\"img has-hover x md-x lg-x y md-y lg-y\" id=\"image_1360750387\">\n\t\t\t\t\t\t\t\t<div class=\"img-inner dark\" >\n\t\t\t<img loading=\"lazy\" decoding=\"async\" width=\"1020\" height=\"574\" src=\"https:\/\/lovackirestoran.rs\/wp-content\/uploads\/2020\/08\/Lovacki-restoran-Prolab-1-384.jpg\" class=\"attachment-large size-large\" alt=\"\" srcset=\"https:\/\/lovackirestoran.rs\/wp-content\/uploads\/2020\/08\/Lovacki-restoran-Prolab-1-384.jpg 1279w, https:\/\/lovackirestoran.rs\/wp-content\/uploads\/2020\/08\/Lovacki-restoran-Prolab-1-384-711x400.jpg 711w, https:\/\/lovackirestoran.rs\/wp-content\/uploads\/2020\/08\/Lovacki-restoran-Prolab-1-384-768x432.jpg 768w, https:\/\/lovackirestoran.rs\/wp-content\/uploads\/2020\/08\/Lovacki-restoran-Prolab-1-384-600x338.jpg 600w\" sizes=\"auto, (max-width: 1020px) 100vw, 1020px\" \/>\t\t\t\t\t\t\n\t\t\t\t\t<\/div>\n\t\t\t\t\t\t\t\t\n<style>\n#image_1360750387 {\n  width: 100%;\n}\n<\/style>\n\t<\/div>\n\t\n\n\n     <\/div>\n\n     <div class=\"loading-spin dark large centered\"><\/div>\n\n\t\n<style>\n#slider-2015478093 .flickity-slider > * {\n  max-width: 440px!important;\n}\n<\/style>\n<\/div>\n\n\n\n\t\t<\/div>\n\t\t\t\t\t<\/div>\n\n\t\n\n<\/div>\n\t<section class=\"section\" id=\"section_1135935726\">\n\t\t<div class=\"bg section-bg fill bg-fill  bg-loaded\" >\n\n\t\t\t\n\t\t\t\n\t\t\t\n\n\t\t<\/div>\n\n\t\t\n\n\t\t<div class=\"section-content relative\">\n\t\t\t\n\n<div class=\"row\"  id=\"row-279265426\">\n\n\n\t<div id=\"col-1923366563\" class=\"col medium-6 small-12 large-6\"  >\n\t\t\t\t<div class=\"col-inner\"  >\n\t\t\t\n\t\t\t\n\n\t<div id=\"gap-1472605235\" class=\"gap-element clearfix\" style=\"display:block; height:auto;\">\n\t\t\n<style>\n#gap-1472605235 {\n  padding-top: 38px;\n}\n<\/style>\n\t<\/div>\n\t\n\n<div class=\"slider-wrapper relative\" id=\"slider-1327885659\" >\n    <div class=\"slider slider-nav-circle slider-nav-large slider-nav-light slider-style-focus\"\n        data-flickity-options='{\n            \"cellAlign\": \"center\",\n            \"imagesLoaded\": true,\n            \"lazyLoad\": 1,\n            \"freeScroll\": false,\n            \"wrapAround\": true,\n            \"autoPlay\": 3000,\n            \"pauseAutoPlayOnHover\" : true,\n            \"prevNextButtons\": true,\n            \"contain\" : true,\n            \"adaptiveHeight\" : true,\n            \"dragThreshold\" : 10,\n            \"percentPosition\": true,\n            \"pageDots\": true,\n            \"rightToLeft\": false,\n            \"draggable\": true,\n            \"selectedAttraction\": 0.1,\n            \"parallax\" : 0,\n            \"friction\": 0.6        }'\n        >\n        \n\n\t<div class=\"img has-hover x md-x lg-x y md-y lg-y\" id=\"image_1207732533\">\n\t\t\t\t\t\t\t\t<div class=\"img-inner dark\" >\n\t\t\t<img loading=\"lazy\" decoding=\"async\" width=\"1020\" height=\"574\" src=\"https:\/\/lovackirestoran.rs\/wp-content\/uploads\/2020\/08\/P5000001.jpg\" class=\"attachment-large size-large\" alt=\"\" srcset=\"https:\/\/lovackirestoran.rs\/wp-content\/uploads\/2020\/08\/P5000001.jpg 1279w, https:\/\/lovackirestoran.rs\/wp-content\/uploads\/2020\/08\/P5000001-711x400.jpg 711w, https:\/\/lovackirestoran.rs\/wp-content\/uploads\/2020\/08\/P5000001-768x432.jpg 768w, https:\/\/lovackirestoran.rs\/wp-content\/uploads\/2020\/08\/P5000001-600x338.jpg 600w\" sizes=\"auto, (max-width: 1020px) 100vw, 1020px\" \/>\t\t\t\t\t\t\n\t\t\t\t\t<\/div>\n\t\t\t\t\t\t\t\t\n<style>\n#image_1207732533 {\n  width: 100%;\n}\n<\/style>\n\t<\/div>\n\t\n\n\t<div class=\"img has-hover x md-x lg-x y md-y lg-y\" id=\"image_1282446302\">\n\t\t\t\t\t\t\t\t<div class=\"img-inner dark\" >\n\t\t\t<img loading=\"lazy\" decoding=\"async\" width=\"1020\" height=\"574\" src=\"https:\/\/lovackirestoran.rs\/wp-content\/uploads\/2020\/08\/P5000008.jpg\" class=\"attachment-large size-large\" alt=\"\" srcset=\"https:\/\/lovackirestoran.rs\/wp-content\/uploads\/2020\/08\/P5000008.jpg 1279w, https:\/\/lovackirestoran.rs\/wp-content\/uploads\/2020\/08\/P5000008-711x400.jpg 711w, https:\/\/lovackirestoran.rs\/wp-content\/uploads\/2020\/08\/P5000008-768x432.jpg 768w, https:\/\/lovackirestoran.rs\/wp-content\/uploads\/2020\/08\/P5000008-600x338.jpg 600w\" sizes=\"auto, (max-width: 1020px) 100vw, 1020px\" \/>\t\t\t\t\t\t\n\t\t\t\t\t<\/div>\n\t\t\t\t\t\t\t\t\n<style>\n#image_1282446302 {\n  width: 100%;\n}\n<\/style>\n\t<\/div>\n\t\n\n\t<div class=\"img has-hover x md-x lg-x y md-y lg-y\" id=\"image_190686470\">\n\t\t\t\t\t\t\t\t<div class=\"img-inner dark\" >\n\t\t\t<img loading=\"lazy\" decoding=\"async\" width=\"1020\" height=\"574\" src=\"https:\/\/lovackirestoran.rs\/wp-content\/uploads\/2020\/08\/P5000015.jpg\" class=\"attachment-large size-large\" alt=\"\" srcset=\"https:\/\/lovackirestoran.rs\/wp-content\/uploads\/2020\/08\/P5000015.jpg 1279w, https:\/\/lovackirestoran.rs\/wp-content\/uploads\/2020\/08\/P5000015-711x400.jpg 711w, https:\/\/lovackirestoran.rs\/wp-content\/uploads\/2020\/08\/P5000015-768x432.jpg 768w, https:\/\/lovackirestoran.rs\/wp-content\/uploads\/2020\/08\/P5000015-600x338.jpg 600w\" sizes=\"auto, (max-width: 1020px) 100vw, 1020px\" \/>\t\t\t\t\t\t\n\t\t\t\t\t<\/div>\n\t\t\t\t\t\t\t\t\n<style>\n#image_190686470 {\n  width: 100%;\n}\n<\/style>\n\t<\/div>\n\t\n\n\n     <\/div>\n\n     <div class=\"loading-spin dark large centered\"><\/div>\n\n\t\n<style>\n#slider-1327885659 .flickity-slider > * {\n  max-width: 440px!important;\n}\n<\/style>\n<\/div>\n\n\n\n\t\t<\/div>\n\t\t\t\t\t<\/div>\n\n\t\n\n\t<div id=\"col-286535942\" class=\"col medium-6 small-12 large-6\"  >\n\t\t\t\t<div class=\"col-inner\"  >\n\t\t\t\n\t\t\t\n\n<div class=\"container section-title-container\" ><h3 class=\"section-title section-title-center\"><b><\/b><span class=\"section-title-main\" >SVA\u010cANA SALA<\/span><b><\/b><\/h3><\/div>\n\n<p>\u00a0 \u00a0 \u00a0 \u00a0 Da bi Va\u0161a svadbena sve\u010danost bila organizovana profesionalno i na visokom nivou, sa zadovoljstvom Vam preporu\u010dujemo da kompletnu brigu poverite na\u0161em stru\u010dnom osoblju.<\/p>\n<p>\u00a0 \u00a0 \u00a0 \u00a0Prelepi ambijent restorana, sa veli\u010danstvenim pogledom na okolno zelenilo, predstavlja specijalizovano mesto za proslave ven\u010danja, bankete, kao i ostale vrste sve\u010danosti.\u00a0\u00a0 \u00a0 \u00a0<\/p>\n<p>\u00a0 \u00a0 \u00a0 \u00a0 Ugostiteljstvo je na\u0161 posao ali i velika ljubav. \u017delja nam je da sa Vama podelimo na\u0161u strast prema\u00a0dobroj usluzi, na\u0161e znanje i dugogodi\u0161nje iskustvo.<\/p>\n\n\t\t<\/div>\n\t\t\t\t\t<\/div>\n\n\t\n\n<\/div>\n\n\t\t<\/div>\n\n\t\t\n<style>\n#section_1135935726 {\n  padding-top: 30px;\n  padding-bottom: 30px;\n  background-color: rgb(244, 244, 244);\n}\n<\/style>\n\t<\/section>\n\t\n<div class=\"row\"  id=\"row-627122859\">\n\n\n\t<div id=\"col-299219917\" class=\"col medium-6 small-12 large-6\"  >\n\t\t\t\t<div class=\"col-inner\"  >\n\t\t\t\n\t\t\t\n\n<div class=\"container section-title-container\" ><h3 class=\"section-title section-title-center\"><b><\/b><span class=\"section-title-main\" >KETERING<\/span><b><\/b><\/h3><\/div>\n\n<p>\u00a0 \u00a0 \u00a0 \u00a0 Ketering Lova\u010dkog restorana je uvek prvi izbor tamo gde se zahteva <strong>bezbedna<\/strong>,\u00a0<strong>zdrava<\/strong>\u00a0i\u00a0<strong>ukusno<\/strong>\u00a0<strong>pripremljena<\/strong>\u00a0<strong>hrana<\/strong>.<\/p>\n<p>\u00a0 \u00a0 \u00a0 \u00a0 Ketering Lova\u010dkog restorana obezbe\u0111uje kompletnu ketering uslugu, uklju\u010duju\u0107i planiranje i organizaciju doga\u0111aja. Nudimo <strong>ukusnu<\/strong>\u00a0<strong>hranu<\/strong>, pripremljenu po najvi\u0161im standardima,\u00a0<strong>konkurentnu<\/strong>\u00a0<strong>cenu<\/strong>\u00a0i fleksibilnu ponudu, koju u neposrednom kontaktu prilago\u0111avamo zahtevima i potrebama klijenata.<\/p>\n<p>\u00a0 \u00a0 \u00a0 \u00a0 Bez obzira da li pripremate kompanijsku <strong>proslavu<\/strong>, promociju, koktel, godi\u0161njicu, jubilej, ven\u010danje, ro\u0111endan, \u017eurku,\u00a0<strong>slavlje<\/strong>\u00a0bilo kojim drugim povodom, ili pak slavlje bez povoda \u2013\u00a0<strong>Ketering Lova\u010dkog restorana je spreman da Vam pomogne<\/strong>\u00a0u organizaciji doga\u0111aja.<\/p>\n\n\t\t<\/div>\n\t\t\t\t\t<\/div>\n\n\t\n\n\t<div id=\"col-866398442\" class=\"col medium-6 small-12 large-6\"  >\n\t\t\t\t<div class=\"col-inner\"  >\n\t\t\t\n\t\t\t\n\n\t<div id=\"gap-2124867663\" class=\"gap-element clearfix\" style=\"display:block; height:auto;\">\n\t\t\n<style>\n#gap-2124867663 {\n  padding-top: 27px;\n}\n<\/style>\n\t<\/div>\n\t\n\n<div class=\"slider-wrapper relative\" id=\"slider-112828470\" >\n    <div class=\"slider slider-nav-circle slider-nav-large slider-nav-light slider-style-focus\"\n        data-flickity-options='{\n            \"cellAlign\": \"center\",\n            \"imagesLoaded\": true,\n            \"lazyLoad\": 1,\n            \"freeScroll\": false,\n            \"wrapAround\": true,\n            \"autoPlay\": 3000,\n            \"pauseAutoPlayOnHover\" : true,\n            \"prevNextButtons\": true,\n            \"contain\" : true,\n            \"adaptiveHeight\" : true,\n            \"dragThreshold\" : 10,\n            \"percentPosition\": true,\n            \"pageDots\": true,\n            \"rightToLeft\": false,\n            \"draggable\": true,\n            \"selectedAttraction\": 0.1,\n            \"parallax\" : 0,\n            \"friction\": 0.6        }'\n        >\n        \n\n\t<div class=\"img has-hover x md-x lg-x y md-y lg-y\" id=\"image_468749956\">\n\t\t\t\t\t\t\t\t<div class=\"img-inner dark\" >\n\t\t\t<img loading=\"lazy\" decoding=\"async\" width=\"1020\" height=\"684\" src=\"https:\/\/lovackirestoran.rs\/wp-content\/uploads\/2020\/08\/Lovacki-restoran-ketering-1.jpg\" class=\"attachment-large size-large\" alt=\"\" srcset=\"https:\/\/lovackirestoran.rs\/wp-content\/uploads\/2020\/08\/Lovacki-restoran-ketering-1.jpg 1073w, https:\/\/lovackirestoran.rs\/wp-content\/uploads\/2020\/08\/Lovacki-restoran-ketering-1-596x400.jpg 596w, https:\/\/lovackirestoran.rs\/wp-content\/uploads\/2020\/08\/Lovacki-restoran-ketering-1-768x515.jpg 768w, https:\/\/lovackirestoran.rs\/wp-content\/uploads\/2020\/08\/Lovacki-restoran-ketering-1-600x403.jpg 600w\" sizes=\"auto, (max-width: 1020px) 100vw, 1020px\" \/>\t\t\t\t\t\t\n\t\t\t\t\t<\/div>\n\t\t\t\t\t\t\t\t\n<style>\n#image_468749956 {\n  width: 100%;\n}\n<\/style>\n\t<\/div>\n\t\n\n\t<div class=\"img has-hover x md-x lg-x y md-y lg-y\" id=\"image_1264261852\">\n\t\t\t\t\t\t\t\t<div class=\"img-inner dark\" >\n\t\t\t<img loading=\"lazy\" decoding=\"async\" width=\"1020\" height=\"684\" src=\"https:\/\/lovackirestoran.rs\/wp-content\/uploads\/2020\/08\/Lovacki-restoran-ketering-3.jpg\" class=\"attachment-large size-large\" alt=\"\" srcset=\"https:\/\/lovackirestoran.rs\/wp-content\/uploads\/2020\/08\/Lovacki-restoran-ketering-3.jpg 1073w, https:\/\/lovackirestoran.rs\/wp-content\/uploads\/2020\/08\/Lovacki-restoran-ketering-3-596x400.jpg 596w, https:\/\/lovackirestoran.rs\/wp-content\/uploads\/2020\/08\/Lovacki-restoran-ketering-3-768x515.jpg 768w, https:\/\/lovackirestoran.rs\/wp-content\/uploads\/2020\/08\/Lovacki-restoran-ketering-3-600x403.jpg 600w\" sizes=\"auto, (max-width: 1020px) 100vw, 1020px\" \/>\t\t\t\t\t\t\n\t\t\t\t\t<\/div>\n\t\t\t\t\t\t\t\t\n<style>\n#image_1264261852 {\n  width: 100%;\n}\n<\/style>\n\t<\/div>\n\t\n\n\t<div class=\"img has-hover x md-x lg-x y md-y lg-y\" id=\"image_1955686207\">\n\t\t\t\t\t\t\t\t<div class=\"img-inner dark\" >\n\t\t\t<img loading=\"lazy\" decoding=\"async\" width=\"1020\" height=\"684\" src=\"https:\/\/lovackirestoran.rs\/wp-content\/uploads\/2020\/08\/Lovacki-restoran-ketering-2.jpg\" class=\"attachment-large size-large\" alt=\"\" srcset=\"https:\/\/lovackirestoran.rs\/wp-content\/uploads\/2020\/08\/Lovacki-restoran-ketering-2.jpg 1073w, https:\/\/lovackirestoran.rs\/wp-content\/uploads\/2020\/08\/Lovacki-restoran-ketering-2-596x400.jpg 596w, https:\/\/lovackirestoran.rs\/wp-content\/uploads\/2020\/08\/Lovacki-restoran-ketering-2-768x515.jpg 768w, https:\/\/lovackirestoran.rs\/wp-content\/uploads\/2020\/08\/Lovacki-restoran-ketering-2-600x403.jpg 600w\" sizes=\"auto, (max-width: 1020px) 100vw, 1020px\" \/>\t\t\t\t\t\t\n\t\t\t\t\t<\/div>\n\t\t\t\t\t\t\t\t\n<style>\n#image_1955686207 {\n  width: 100%;\n}\n<\/style>\n\t<\/div>\n\t\n\n\n     <\/div>\n\n     <div class=\"loading-spin dark large centered\"><\/div>\n\n\t\n<style>\n#slider-112828470 .flickity-slider > * {\n  max-width: 440px!important;\n}\n<\/style>\n<\/div>\n\n\n\n\t\t<\/div>\n\t\t\t\t\t<\/div>\n\n\t\n\n<\/div>\n\n","protected":false},"excerpt":{"rendered":"","protected":false},"author":1,"featured_media":0,"parent":0,"menu_order":0,"comment_status":"closed","ping_status":"closed","template":"page-blank.php","meta":{"footnotes":""},"class_list":["post-222","page","type-page","status-publish","hentry"],"_links":{"self":[{"href":"https:\/\/lovackirestoran.rs\/index.php?rest_route=\/wp\/v2\/pages\/222","targetHints":{"allow":["GET"]}}],"collection":[{"href":"https:\/\/lovackirestoran.rs\/index.php?rest_route=\/wp\/v2\/pages"}],"about":[{"href":"https:\/\/lovackirestoran.rs\/index.php?rest_route=\/wp\/v2\/types\/page"}],"author":[{"embeddable":true,"href":"https:\/\/lovackirestoran.rs\/index.php?rest_route=\/wp\/v2\/users\/1"}],"replies":[{"embeddable":true,"href":"https:\/\/lovackirestoran.rs\/index.php?rest_route=%2Fwp%2Fv2%2Fcomments&post=222"}],"version-history":[{"count":22,"href":"https:\/\/lovackirestoran.rs\/index.php?rest_route=\/wp\/v2\/pages\/222\/revisions"}],"predecessor-version":[{"id":381,"href":"https:\/\/lovackirestoran.rs\/index.php?rest_route=\/wp\/v2\/pages\/222\/revisions\/381"}],"wp:attachment":[{"href":"https:\/\/lovackirestoran.rs\/index.php?rest_route=%2Fwp%2Fv2%2Fmedia&parent=222"}],"curies":[{"name":"wp","href":"https:\/\/api.w.org\/{rel}","templated":true}]}}